{"id":2,"date":"2016-05-10T03:48:21","date_gmt":"2016-05-10T03:48:21","guid":{"rendered":"http:\/\/wp452m.a10-52-158-154.qa.plesk.ru\/wordpress\/?page_id=2"},"modified":"2023-02-01T10:40:23","modified_gmt":"2023-02-01T13:40:23","slug":"sample-page","status":"publish","type":"page","link":"https:\/\/www.jsrconsultoria.com.br\/?page_id=2","title":{"rendered":"Quem Somos"},"content":{"rendered":"<p><strong><img loading=\"lazy\" decoding=\"async\" class=\"wp-image-80 aligncenter\" src=\"https:\/\/www.jsrconsultoria.com.br\/wp-content\/uploads\/2016\/05\/quemsomos-300x131.jpg\" alt=\"\" width=\"502\" height=\"219\" srcset=\"https:\/\/www.jsrconsultoria.com.br\/wp-content\/uploads\/2016\/05\/quemsomos-300x131.jpg 300w, https:\/\/www.jsrconsultoria.com.br\/wp-content\/uploads\/2016\/05\/quemsomos-768x336.jpg 768w, https:\/\/www.jsrconsultoria.com.br\/wp-content\/uploads\/2016\/05\/quemsomos-1024x449.jpg 1024w, https:\/\/www.jsrconsultoria.com.br\/wp-content\/uploads\/2016\/05\/quemsomos-50x22.jpg 50w, https:\/\/www.jsrconsultoria.com.br\/wp-content\/uploads\/2016\/05\/quemsomos.jpg 1584w\" sizes=\"auto, (max-width: 502px) 100vw, 502px\" \/><\/strong><\/p>\n<p style=\"text-align: center;\"><strong>A JSR Consultoria atua na \u00e1rea de Dados, Voz e Seguran\u00e7a de TI, atendendo as necessidades de cada cliente.<\/strong><\/p>\n<p style=\"text-align: center;\"><strong>Formada por profissionais competentes e com a experi\u00eancia de mais de 20 anos no mercado corporativo, a JSR surge para suprir a necessidade das empresas em possuir uma solu\u00e7\u00e3o tecnol\u00f3gica profissional, Entre em contato!<\/strong><\/p>\n","protected":false},"excerpt":{"rendered":"<p>A JSR Consultoria atua na \u00e1rea de Dados, Voz e Seguran\u00e7a de TI, atendendo as necessidades de cada cliente. Formada por profissionais competentes e com a experi\u00eancia de mais de 20 anos no mercado corporativo, a JSR surge para suprir a necessidade das empresas em possuir uma solu\u00e7\u00e3o tecnol\u00f3gica profissional, Entre em contato!<\/p>\n","protected":false},"author":1,"featured_media":0,"parent":0,"menu_order":0,"comment_status":"closed","ping_status":"open","template":"","meta":{"footnotes":""},"class_list":["post-2","page","type-page","status-publish","czr-hentry"],"_links":{"self":[{"href":"https:\/\/www.jsrconsultoria.com.br\/index.php?rest_route=\/wp\/v2\/pages\/2","targetHints":{"allow":["GET"]}}],"collection":[{"href":"https:\/\/www.jsrconsultoria.com.br\/index.php?rest_route=\/wp\/v2\/pages"}],"about":[{"href":"https:\/\/www.jsrconsultoria.com.br\/index.php?rest_route=\/wp\/v2\/types\/page"}],"author":[{"embeddable":true,"href":"https:\/\/www.jsrconsultoria.com.br\/index.php?rest_route=\/wp\/v2\/users\/1"}],"replies":[{"embeddable":true,"href":"https:\/\/www.jsrconsultoria.com.br\/index.php?rest_route=%2Fwp%2Fv2%2Fcomments&post=2"}],"version-history":[{"count":6,"href":"https:\/\/www.jsrconsultoria.com.br\/index.php?rest_route=\/wp\/v2\/pages\/2\/revisions"}],"predecessor-version":[{"id":133,"href":"https:\/\/www.jsrconsultoria.com.br\/index.php?rest_route=\/wp\/v2\/pages\/2\/revisions\/133"}],"wp:attachment":[{"href":"https:\/\/www.jsrconsultoria.com.br\/index.php?rest_route=%2Fwp%2Fv2%2Fmedia&parent=2"}],"curies":[{"name":"wp","href":"https:\/\/api.w.org\/{rel}","templated":true}]}}