{"id":93,"date":"2017-08-02T11:03:11","date_gmt":"2017-08-02T14:03:11","guid":{"rendered":"https:\/\/www.jsrconsultoria.com.br\/?page_id=93"},"modified":"2023-02-01T10:40:23","modified_gmt":"2023-02-01T13:40:23","slug":"telefonia","status":"publish","type":"page","link":"https:\/\/www.jsrconsultoria.com.br\/?page_id=93","title":{"rendered":"Telefonia"},"content":{"rendered":"<p><strong><img loading=\"lazy\" decoding=\"async\" class=\"wp-image-94 aligncenter\" src=\"https:\/\/www.jsrconsultoria.com.br\/wp-content\/uploads\/2017\/08\/voz-300x131.jpg\" alt=\"\" width=\"473\" height=\"207\" srcset=\"https:\/\/www.jsrconsultoria.com.br\/wp-content\/uploads\/2017\/08\/voz-300x131.jpg 300w, https:\/\/www.jsrconsultoria.com.br\/wp-content\/uploads\/2017\/08\/voz-768x336.jpg 768w, https:\/\/www.jsrconsultoria.com.br\/wp-content\/uploads\/2017\/08\/voz-1024x449.jpg 1024w, https:\/\/www.jsrconsultoria.com.br\/wp-content\/uploads\/2017\/08\/voz-50x22.jpg 50w, https:\/\/www.jsrconsultoria.com.br\/wp-content\/uploads\/2017\/08\/voz.jpg 1584w\" sizes=\"auto, (max-width: 473px) 100vw, 473px\" \/><\/strong><\/p>\n<p style=\"text-align: center;\"><strong>Configura\u00e7\u00e3o e gerenciamento de PABX IP, redu\u00e7\u00e3o de custos de telefonia, migra\u00e7\u00e3o de ambientes, solu\u00e7\u00e3o pr\u00f3pria VOIP baseada em Asterisk, tarifa\u00e7\u00e3o, grava\u00e7\u00e3o, URA.<\/strong><\/p>\n","protected":false},"excerpt":{"rendered":"<p>Configura\u00e7\u00e3o e gerenciamento de PABX IP, redu\u00e7\u00e3o de custos de telefonia, migra\u00e7\u00e3o de ambientes, solu\u00e7\u00e3o pr\u00f3pria VOIP baseada em Asterisk, tarifa\u00e7\u00e3o, grava\u00e7\u00e3o, URA.<\/p>\n","protected":false},"author":1,"featured_media":0,"parent":0,"menu_order":0,"comment_status":"closed","ping_status":"closed","template":"","meta":{"footnotes":""},"class_list":["post-93","page","type-page","status-publish","czr-hentry"],"_links":{"self":[{"href":"https:\/\/www.jsrconsultoria.com.br\/index.php?rest_route=\/wp\/v2\/pages\/93","targetHints":{"allow":["GET"]}}],"collection":[{"href":"https:\/\/www.jsrconsultoria.com.br\/index.php?rest_route=\/wp\/v2\/pages"}],"about":[{"href":"https:\/\/www.jsrconsultoria.com.br\/index.php?rest_route=\/wp\/v2\/types\/page"}],"author":[{"embeddable":true,"href":"https:\/\/www.jsrconsultoria.com.br\/index.php?rest_route=\/wp\/v2\/users\/1"}],"replies":[{"embeddable":true,"href":"https:\/\/www.jsrconsultoria.com.br\/index.php?rest_route=%2Fwp%2Fv2%2Fcomments&post=93"}],"version-history":[{"count":3,"href":"https:\/\/www.jsrconsultoria.com.br\/index.php?rest_route=\/wp\/v2\/pages\/93\/revisions"}],"predecessor-version":[{"id":135,"href":"https:\/\/www.jsrconsultoria.com.br\/index.php?rest_route=\/wp\/v2\/pages\/93\/revisions\/135"}],"wp:attachment":[{"href":"https:\/\/www.jsrconsultoria.com.br\/index.php?rest_route=%2Fwp%2Fv2%2Fmedia&parent=93"}],"curies":[{"name":"wp","href":"https:\/\/api.w.org\/{rel}","templated":true}]}}